{"id":20290,"date":"2025-01-01T11:36:02","date_gmt":"2025-01-01T16:36:02","guid":{"rendered":"\/?page_id=20290"},"modified":"2025-02-03T10:44:40","modified_gmt":"2025-02-03T15:44:40","slug":"core-balance","status":"publish","type":"page","link":"\/es\/core-balance\/","title":{"rendered":"Core Balance"},"content":{"rendered":"<p>[et_pb_section fb_built=&#8221;1&#8243; specialty=&#8221;on&#8221; _builder_version=&#8221;4.16&#8243; _module_preset=&#8221;default&#8221; global_colors_info=&#8221;{}&#8221;][et_pb_column type=&#8221;1_2&#8243; _builder_version=&#8221;4.16&#8243; custom_padding=&#8221;|||&#8221; global_colors_info=&#8221;{}&#8221; custom_padding__hover=&#8221;|||&#8221;]<\/p>\n<p>[et_pb_gallery gallery_ids=&#8221;20066,20097,20093,20099,20095,20148&#8243; fullwidth=&#8221;on&#8221; _builder_version=&#8221;4.27.4&#8243; _module_preset=&#8221;default&#8221; hover_enabled=&#8221;0&#8243; global_colors_info=&#8221;{}&#8221; sticky_enabled=&#8221;0&#8243;][\/et_pb_gallery]\u00a0<\/p>\n<p>[\/et_pb_column][et_pb_column type=&#8221;1_2&#8243; specialty_columns=&#8221;2&#8243; _builder_version=&#8221;4.16&#8243; custom_padding=&#8221;|||&#8221; global_colors_info=&#8221;{}&#8221; custom_padding__hover=&#8221;|||&#8221;][et_pb_row_inner _builder_version=&#8221;4.16&#8243; _module_preset=&#8221;default&#8221; global_colors_info=&#8221;{}&#8221;][et_pb_column_inner saved_specialty_column_type=&#8221;1_2&#8243; _builder_version=&#8221;4.16&#8243; _module_preset=&#8221;default&#8221; global_colors_info=&#8221;{}&#8221;][et_pb_text _builder_version=&#8221;4.27.4&#8243; _module_preset=&#8221;default&#8221; text_font=&#8221;Lato||||||||&#8221; text_text_color=&#8221;#000000&#8243; text_font_size=&#8221;16px&#8221; text_line_height=&#8221;1.5em&#8221; header_font=&#8221;Tenor Sans|700|||||||&#8221; header_text_color=&#8221;#000000&#8243; header_font_size=&#8221;28px&#8221; header_line_height=&#8221;1.5em&#8221; custom_margin=&#8221;10px||10px||false|false&#8221; custom_padding=&#8221;10px||10px||false|false&#8221; global_colors_info=&#8221;{}&#8221;]<\/p>\n<h1>CORE BALANCE<\/h1>\n<p>Alcanza una salud y bienestar totalmente equilibrados con el Paquete Core Balance, tu compa\u00f1ero ideal para apoyar energ\u00eda, digesti\u00f3n, reducci\u00f3n del apetito, apoyo al estado de \u00e1nimo y mucho m\u00e1s.<\/p>\n<p><strong>Incluye<\/strong>: Balance, Burn Extreme, Ignite, y tu elecci\u00f3n de Rush, Rush Extreme o Brew Extreme<\/p>\n<p><strong><em>Opci\u00f3n de sabor: Elige el sabor de Rush que prefieras: Tropical Strawberry, Blue Raspberry, Grape Extreme o Pi\u00f1a Colada Extreme.<\/em><\/strong><\/p>\n<p><strong>BALANCE<\/strong> puede parecerse a los vegetales verdes, pero los ingredientes y beneficios van mucho m\u00e1s all\u00e1 de un suplemento promedio de vegetales. Esta bebida est\u00e1 formulada con m\u00e1s de 50 ingredientes cuidadosamente seleccionados que componen 10 poderosas mezclas para una alta potencia y vitalidad \u00f3ptima.\u2020<\/p>\n<p><strong>BURN<\/strong> <strong>EXTREME<\/strong> es una c\u00e1psula que apoya el metabolismo, los niveles saludables de az\u00facar en sangre, el manejo del peso, el envejecimiento saludable y la longevidad.\u2020<\/p>\n<p><strong>IGNITE<\/strong> es una c\u00e1psula verde llena de apoyo al apetito y una poderosa experiencia energ\u00e9tica.\u2020<\/p>\n<p><strong>RUSH<\/strong> es una bebida energ\u00e9tica avanzada que apoya vidas activas todos los d\u00edas con energ\u00eda funcional esencial impulsada por vitaminas y nootr\u00f3picos clave.\u2020 Elige nuestra opci\u00f3n RUSH EXTREME para obtener m\u00e1s energ\u00eda, enfoque e ingredientes que apoyan el estado de \u00e1nimo.<\/p>\n<p><strong>BREW EXTREME<\/strong> es un caf\u00e9 instant\u00e1neo infundido con hongos funcionales, con una mezcla de nootr\u00f3picos, adapt\u00f3genos y otros ingredientes de alto impacto.\u2020<\/p>\n<p>&nbsp;<\/p>\n<p><strong>USD$316 AL POR MENOR<\/strong><\/p>\n<p><strong>USD$284.40 VIP<\/strong><\/p>\n<p>&nbsp;<\/p>\n<h4><strong>HAZLO EXTREMO<\/strong><\/h4>\n<p><strong>USD$324 AL POR MENOR<\/strong><\/p>\n<p><strong>USD$291.60 VIP<\/strong><\/p>\n<p>&nbsp;<\/p>\n<p><em><strong>Nota<\/strong>: Este paquete solo est\u00e1 disponible hasta el 31 de enero a las 11:59 p. m. ET.<\/em><\/p>\n<p>[\/et_pb_text][\/et_pb_column_inner][\/et_pb_row_inner][et_pb_row_inner _builder_version=&#8221;4.16&#8243; _module_preset=&#8221;default&#8221; custom_padding=&#8221;0px||0px|||&#8221; global_colors_info=&#8221;{}&#8221;][et_pb_column_inner saved_specialty_column_type=&#8221;1_2&#8243; _builder_version=&#8221;4.16&#8243; _module_preset=&#8221;default&#8221; global_colors_info=&#8221;{}&#8221;][et_pb_button button_url=&#8221;https:\/\/shop.bydesign.com\/Bravenly\/#\/shop\/detail\/COREBALANCE\/from\/B2763789&#8221; button_text=&#8221;A\u00d1ADIR AL CARRITO&#8221; _builder_version=&#8221;4.27.4&#8243; _module_preset=&#8221;default&#8221; custom_button=&#8221;on&#8221; button_text_size=&#8221;16px&#8221; button_text_color=&#8221;#000000&#8243; button_border_color=&#8221;#000000&#8243; button_font=&#8221;Lato||||||||&#8221; global_colors_info=&#8221;{}&#8221;][\/et_pb_button][\/et_pb_column_inner][\/et_pb_row_inner][\/et_pb_column][\/et_pb_section][et_pb_section fb_built=&#8221;1&#8243; _builder_version=&#8221;4.16&#8243; _module_preset=&#8221;default&#8221; global_colors_info=&#8221;{}&#8221;][et_pb_row _builder_version=&#8221;4.16&#8243; _module_preset=&#8221;default&#8221; min_height=&#8221;193px&#8221; custom_margin=&#8221;|auto|2px|auto||&#8221; custom_padding=&#8221;0px||0px|||&#8221; global_colors_info=&#8221;{}&#8221;][et_pb_column type=&#8221;4_4&#8243; _builder_version=&#8221;4.16&#8243; _module_preset=&#8221;default&#8221; global_colors_info=&#8221;{}&#8221;][et_pb_toggle title=&#8221;Detalles&#8221; open_toggle_text_color=&#8221;#000000&#8243; open_toggle_background_color=&#8221;#ffffff&#8221; closed_toggle_background_color=&#8221;#ffffff&#8221; _builder_version=&#8221;4.27.4&#8243; _module_preset=&#8221;default&#8221; title_text_color=&#8221;#000000&#8243; title_font=&#8221;Lato|700|||||||&#8221; closed_title_font=&#8221;Lato|700|||||||&#8221; closed_title_line_height=&#8221;1em&#8221; body_font=&#8221;Lato||||||||&#8221; body_text_color=&#8221;#000000&#8243; body_font_size=&#8221;16px&#8221; body_line_height=&#8221;1.5em&#8221; min_height=&#8221;59px&#8221; custom_margin=&#8221;2px||2px|||&#8221; custom_padding=&#8221;||12px|||&#8221; global_colors_info=&#8221;{}&#8221;]<\/p>\n<p>Alcanza una salud y bienestar totalmente equilibrados con el Paquete Core Balance, tu compa\u00f1ero ideal para apoyar la energ\u00eda, la digesti\u00f3n, la reducci\u00f3n del apetito, el apoyo al estado de \u00e1nimo y mucho m\u00e1s.<\/p>\n<p>Incluye: Balance, Burn Extreme, Ignite y tu elecci\u00f3n de Rush, Rush Extreme o Brew Extreme.<\/p>\n<p>[\/et_pb_toggle][et_pb_toggle title=&#8221;C\u00f3mo utilizarlo&#8221; open_toggle_text_color=&#8221;#000000&#8243; open_toggle_background_color=&#8221;#ffffff&#8221; closed_toggle_background_color=&#8221;#ffffff&#8221; _builder_version=&#8221;4.27.4&#8243; _module_preset=&#8221;default&#8221; title_text_color=&#8221;#000000&#8243; title_font=&#8221;Lato|700|||||||&#8221; closed_title_font=&#8221;Lato|700|||||||&#8221; closed_title_line_height=&#8221;1em&#8221; body_font=&#8221;Lato||||||||&#8221; body_text_color=&#8221;#000000&#8243; body_font_size=&#8221;16px&#8221; body_line_height=&#8221;1.5em&#8221; min_height=&#8221;59px&#8221; custom_margin=&#8221;2px||2px|||&#8221; custom_padding=&#8221;||12px|||&#8221; global_colors_info=&#8221;{}&#8221;]<\/p>\n<p><strong>BALANCE<\/strong>: Mezcla 1 cucharada en un vaso de 8 oz de agua, tu jugo o batido favorito, mezcla bien y \u00a1disfruta!<\/p>\n<p><strong>BURN EXTREME<\/strong>: 1-2 c\u00e1psulas tomadas 1 a 2 veces al d\u00eda, preferiblemente con las comidas o seg\u00fan las indicaciones de un profesional de la salud.<\/p>\n<p><strong>IGNITE<\/strong>: Toma 1 c\u00e1psula por la ma\u00f1ana y, si es necesario, 1 c\u00e1psula a media tarde con agua. Los resultados pueden notarse en 30 minutos. No excedas las 4 c\u00e1psulas al d\u00eda.<\/p>\n<p><strong>RUSH<\/strong>: Mezcla una porci\u00f3n en 8-10 oz de agua. Agita o revuelve hasta que se disuelva.<\/p>\n<p><strong>BREW EXTREME<\/strong>: Mezcla una porci\u00f3n en 8-16 oz de agua o leche hasta que se disuelva.<\/p>\n<p>*Las mujeres embarazadas o en periodo de lactancia, los ni\u00f1os menores de 18 a\u00f1os y las personas con condiciones m\u00e9dicas conocidas deben consultar con un m\u00e9dico antes de usar este producto o cualquier suplemento diet\u00e9tico.<br \/><strong>Almacenamiento<\/strong>: No utilices si el sello de seguridad est\u00e1 da\u00f1ado o faltante. Almacena en un lugar fresco y seco, alejado del calor\/humedad.<\/p>\n<p>[\/et_pb_toggle][et_pb_toggle title=&#8221;Ingredientes&#8221; open_toggle_text_color=&#8221;#000000&#8243; open_toggle_background_color=&#8221;#ffffff&#8221; closed_toggle_background_color=&#8221;#ffffff&#8221; _builder_version=&#8221;4.16&#8243; _module_preset=&#8221;default&#8221; title_text_color=&#8221;#000000&#8243; title_font=&#8221;Lato|700|||||||&#8221; closed_title_font=&#8221;Lato|700|||||||&#8221; closed_title_line_height=&#8221;1em&#8221; body_font=&#8221;Lato||||||||&#8221; body_text_color=&#8221;#000000&#8243; body_font_size=&#8221;16px&#8221; body_line_height=&#8221;1.5em&#8221; min_height=&#8221;59px&#8221; custom_margin=&#8221;2px||2px|||&#8221; custom_padding=&#8221;||12px|||&#8221; global_colors_info=&#8221;{}&#8221;]Consulte las p\u00e1ginas de cada producto para obtener m\u00e1s informaci\u00f3n.[\/et_pb_toggle][et_pb_toggle title=&#8221;Easy-Ship&#8221; open_toggle_text_color=&#8221;#000000&#8243; open_toggle_background_color=&#8221;#ffffff&#8221; closed_toggle_background_color=&#8221;#ffffff&#8221; _builder_version=&#8221;4.27.4&#8243; _module_preset=&#8221;default&#8221; title_text_color=&#8221;#000000&#8243; title_font=&#8221;Lato|700|||||||&#8221; closed_title_font=&#8221;Lato|700|||||||&#8221; closed_title_line_height=&#8221;1em&#8221; body_font=&#8221;Lato||||||||&#8221; body_text_color=&#8221;#000000&#8243; body_font_size=&#8221;16px&#8221; body_line_height=&#8221;1.5em&#8221; min_height=&#8221;59px&#8221; custom_margin=&#8221;2px||2px|||&#8221; custom_padding=&#8221;||12px|||&#8221; global_colors_info=&#8221;{}&#8221;]<\/p>\n<p>Este paquete no est\u00e1 disponible en Easy-Ship.<\/p>\n<p>[\/et_pb_toggle][\/et_pb_column][\/et_pb_row][\/et_pb_section][et_pb_section fb_built=&#8221;1&#8243; _builder_version=&#8221;4.16&#8243; _module_preset=&#8221;default&#8221; global_colors_info=&#8221;{}&#8221;][et_pb_row _builder_version=&#8221;4.16&#8243; _module_preset=&#8221;default&#8221; global_colors_info=&#8221;{}&#8221;][et_pb_column type=&#8221;4_4&#8243; _builder_version=&#8221;4.16&#8243; _module_preset=&#8221;default&#8221; global_colors_info=&#8221;{}&#8221;][et_pb_text _builder_version=&#8221;4.16&#8243; _module_preset=&#8221;default&#8221; text_font=&#8221;Lato||||||||&#8221; text_text_color=&#8221;#000000&#8243; text_font_size=&#8221;19px&#8221; border_width_all=&#8221;2px&#8221; global_colors_info=&#8221;{}&#8221;]\u2020Estas declaraciones no han sido evaluadas por la Administraci\u00f3n de Alimentos y Medicamentos (FDA). Este producto no est\u00e1 destinado a diagnosticar, tratar, curar o prevenir ninguna enfermedad.[\/et_pb_text][\/et_pb_column][\/et_pb_row][\/et_pb_section][et_pb_section fb_built=&#8221;1&#8243; _builder_version=&#8221;4.25.0&#8243; _module_preset=&#8221;default&#8221; global_colors_info=&#8221;{}&#8221;][\/et_pb_section][et_pb_section fb_built=&#8221;1&#8243; _builder_version=&#8221;4.25.0&#8243; _module_preset=&#8221;default&#8221; locked=&#8221;off&#8221; global_colors_info=&#8221;{}&#8221;][et_pb_row _builder_version=&#8221;4.25.0&#8243; _module_preset=&#8221;default&#8221; global_colors_info=&#8221;{}&#8221;][et_pb_column type=&#8221;4_4&#8243; _builder_version=&#8221;4.25.0&#8243; _module_preset=&#8221;default&#8221; global_colors_info=&#8221;{}&#8221;][et_pb_code _builder_version=&#8221;4.25.0&#8243; _module_preset=&#8221;default&#8221; global_colors_info=&#8221;{}&#8221;]<script><!-- [et_pb_line_break_holder] -->window.embeddedChatbotConfig = {<!-- [et_pb_line_break_holder] -->chatbotId: \"9qSfYTIOoZzNyOg2aFTKi\",<!-- [et_pb_line_break_holder] -->domain: \"www.chatbase.co\"<!-- [et_pb_line_break_holder] -->}<!-- [et_pb_line_break_holder] --><\/script><!-- [et_pb_line_break_holder] --><script<!-- [et_pb_line_break_holder] -->src=&#8221;https:\/\/www.chatbase.co\/embed.min.js&#8221;<!-- [et_pb_line_break_holder] -->chatbotId=&#8221;9qSfYTIOoZzNyOg2aFTKi&#8221;<!-- [et_pb_line_break_holder] -->domain=&#8221;www.chatbase.co&#8221;<!-- [et_pb_line_break_holder] -->defer><!-- [et_pb_line_break_holder] --><\/script>[\/et_pb_code][et_pb_text _builder_version=&#8221;4.27.4&#8243; _module_preset=&#8221;default&#8221; header_font=&#8221;Tenor Sans||||||||&#8221; header_text_color=&#8221;#000000&#8243; header_line_height=&#8221;1.5em&#8221; min_height=&#8221;26px&#8221; custom_padding=&#8221;||3px|||&#8221; global_colors_info=&#8221;{}&#8221;]<\/p>\n<h1>A\u00d1ADE UNO AL CARRITO PARA OBTENER UN 10% DE DESCUENTO CON LA COMPRA DEL CORE BALANCE<\/h1>\n<p>[\/et_pb_text][\/et_pb_column][\/et_pb_row][\/et_pb_section][et_pb_section fb_built=&#8221;1&#8243; _builder_version=&#8221;4.27.4&#8243; _module_preset=&#8221;default&#8221; locked=&#8221;off&#8221; global_colors_info=&#8221;{}&#8221;][et_pb_row column_structure=&#8221;1_3,1_3,1_3&#8243; use_custom_gutter=&#8221;on&#8221; _builder_version=&#8221;4.27.4&#8243; _module_preset=&#8221;default&#8221; width=&#8221;90%&#8221; global_colors_info=&#8221;{}&#8221;][et_pb_column type=&#8221;1_3&#8243; _builder_version=&#8221;4.16&#8243; _module_preset=&#8221;default&#8221; global_colors_info=&#8221;{}&#8221;][et_pb_image src=&#8221;\/wp-content\/uploads\/2024\/06\/Calm.jpg&#8221; title_text=&#8221;Calm&#8221; url=&#8221;\/es\/bravenly-calm\/&#8221; use_overlay=&#8221;on&#8221; overlay_icon_color=&#8221;#55876a&#8221; hover_overlay_color=&#8221;rgba(255,255,255,0.43)&#8221; hover_icon=&#8221;&#x4c;||divi||400&#8243; _builder_version=&#8221;4.25.0&#8243; _module_preset=&#8221;default&#8221; animation_style=&#8221;zoom&#8221; border_color_all=&#8221;#f9f9f9&#8243; box_shadow_style=&#8221;preset1&#8243; global_colors_info=&#8221;{}&#8221;][\/et_pb_image][et_pb_text _builder_version=&#8221;4.16&#8243; _module_preset=&#8221;default&#8221; text_font=&#8221;Lato||||||||&#8221; text_text_color=&#8221;#000000&#8243; text_font_size=&#8221;18px&#8221; text_line_height=&#8221;1.5em&#8221; text_orientation=&#8221;center&#8221; global_colors_info=&#8221;{}&#8221;]<\/p>\n<p>CALM<\/p>\n<p>[\/et_pb_text][et_pb_button button_url=&#8221;\/es\/bravenly-calm\/&#8221; button_text=&#8221;Ver detalles&#8221; button_alignment=&#8221;center&#8221; _builder_version=&#8221;4.16&#8243; _module_preset=&#8221;default&#8221; custom_button=&#8221;on&#8221; button_text_size=&#8221;14px&#8221; button_text_color=&#8221;#ffffff&#8221; button_bg_color=&#8221;#000000&#8243; button_border_color=&#8221;#ffffff&#8221; button_font=&#8221;Lato||||||||&#8221; button_icon_color=&#8221;#ffffff&#8221; global_colors_info=&#8221;{}&#8221;][\/et_pb_button][\/et_pb_column][et_pb_column type=&#8221;1_3&#8243; _builder_version=&#8221;4.16&#8243; _module_preset=&#8221;default&#8221; global_colors_info=&#8221;{}&#8221;][et_pb_image src=&#8221;\/wp-content\/uploads\/2023\/12\/WEBSITE-product-Images-4.png&#8221; title_text=&#8221;WEBSITE product Images (4)&#8221; url=&#8221;\/es\/bravenly-drive\/&#8221; use_overlay=&#8221;on&#8221; overlay_icon_color=&#8221;#55876a&#8221; hover_overlay_color=&#8221;rgba(255,255,255,0.43)&#8221; hover_icon=&#8221;&#x4c;||divi||400&#8243; _builder_version=&#8221;4.23.1&#8243; _module_preset=&#8221;default&#8221; animation_style=&#8221;zoom&#8221; border_color_all=&#8221;#f9f9f9&#8243; box_shadow_style=&#8221;preset1&#8243; global_colors_info=&#8221;{}&#8221;][\/et_pb_image][et_pb_text _builder_version=&#8221;4.16&#8243; _module_preset=&#8221;default&#8221; text_font=&#8221;Lato||||||||&#8221; text_text_color=&#8221;#000000&#8243; text_font_size=&#8221;18px&#8221; text_line_height=&#8221;1.5em&#8221; text_orientation=&#8221;center&#8221; global_colors_info=&#8221;{}&#8221;]<\/p>\n<p>DRIVE<\/p>\n<p>[\/et_pb_text][et_pb_button button_url=&#8221;\/es\/bravenly-drive\/&#8221; button_text=&#8221;Ver detalles&#8221; button_alignment=&#8221;center&#8221; _builder_version=&#8221;4.16&#8243; _module_preset=&#8221;default&#8221; custom_button=&#8221;on&#8221; button_text_size=&#8221;14px&#8221; button_text_color=&#8221;#ffffff&#8221; button_bg_color=&#8221;#000000&#8243; button_border_color=&#8221;#ffffff&#8221; button_font=&#8221;Lato||||||||&#8221; button_icon_color=&#8221;#ffffff&#8221; global_colors_info=&#8221;{}&#8221;][\/et_pb_button][\/et_pb_column][et_pb_column type=&#8221;1_3&#8243; _builder_version=&#8221;4.27.4&#8243; _module_preset=&#8221;default&#8221; global_colors_info=&#8221;{}&#8221;][et_pb_image src=&#8221;\/wp-content\/uploads\/2023\/12\/WEBSITE-product-Images-5.png&#8221; title_text=&#8221;WEBSITE product Images (5)&#8221; url=&#8221;\/es\/bravenly-reset\/&#8221; use_overlay=&#8221;on&#8221; overlay_icon_color=&#8221;#55876a&#8221; hover_overlay_color=&#8221;rgba(255,255,255,0.43)&#8221; hover_icon=&#8221;&#x4c;||divi||400&#8243; _builder_version=&#8221;4.23.2&#8243; _module_preset=&#8221;default&#8221; animation_style=&#8221;zoom&#8221; border_color_all=&#8221;#f9f9f9&#8243; box_shadow_style=&#8221;preset1&#8243; global_colors_info=&#8221;{}&#8221;][\/et_pb_image][et_pb_text _builder_version=&#8221;4.23.2&#8243; _module_preset=&#8221;default&#8221; text_font=&#8221;Lato||||||||&#8221; text_text_color=&#8221;#000000&#8243; text_font_size=&#8221;18px&#8221; text_line_height=&#8221;1.5em&#8221; text_orientation=&#8221;center&#8221; global_colors_info=&#8221;{}&#8221;]<\/p>\n<p>RESET<\/p>\n<p>[\/et_pb_text][et_pb_button button_url=&#8221;\/es\/bravenly-reset\/&#8221; button_text=&#8221;Ver detalles&#8221; button_alignment=&#8221;center&#8221; _builder_version=&#8221;4.23.2&#8243; _module_preset=&#8221;default&#8221; custom_button=&#8221;on&#8221; button_text_size=&#8221;14px&#8221; button_text_color=&#8221;#ffffff&#8221; button_bg_color=&#8221;#000000&#8243; button_border_color=&#8221;#ffffff&#8221; button_font=&#8221;Lato||||||||&#8221; button_icon_color=&#8221;#ffffff&#8221; global_colors_info=&#8221;{}&#8221;][\/et_pb_button][\/et_pb_column][\/et_pb_row][et_pb_row _builder_version=&#8221;4.16&#8243; _module_preset=&#8221;default&#8221; custom_padding=&#8221;||0px|||&#8221; locked=&#8221;off&#8221; global_colors_info=&#8221;{}&#8221;][et_pb_column type=&#8221;4_4&#8243; _builder_version=&#8221;4.16&#8243; _module_preset=&#8221;default&#8221; global_colors_info=&#8221;{}&#8221;][\/et_pb_column][\/et_pb_row][\/et_pb_section]<\/p>\n","protected":false},"excerpt":{"rendered":"<p>\u00a0CORE BALANCE Alcanza una salud y bienestar totalmente equilibrados con el Paquete Core Balance, tu compa\u00f1ero ideal para apoyar energ\u00eda, digesti\u00f3n, reducci\u00f3n del apetito, apoyo al estado de \u00e1nimo y mucho m\u00e1s. Incluye: Balance, Burn Extreme, Ignite, y tu elecci\u00f3n de Rush, Rush Extreme o Brew Extreme Opci\u00f3n de sabor: Elige el sabor de Rush [&hellip;]<\/p>\n","protected":false},"author":191432657,"featured_media":0,"parent":0,"menu_order":0,"comment_status":"closed","ping_status":"closed","template":"","meta":{"_et_pb_use_builder":"on","_et_pb_old_content":"","_et_gb_content_width":"","_coblocks_attr":"","_coblocks_dimensions":"","_coblocks_responsive_height":"","_coblocks_accordion_ie_support":"","footnotes":""},"class_list":["post-20290","page","type-page","status-publish","hentry"],"_links":{"self":[{"href":"https:\/\/singletary.bravenlyglobal.com\/es\/wp-json\/wp\/v2\/pages\/20290","targetHints":{"allow":["GET"]}}],"collection":[{"href":"https:\/\/singletary.bravenlyglobal.com\/es\/wp-json\/wp\/v2\/pages"}],"about":[{"href":"https:\/\/singletary.bravenlyglobal.com\/es\/wp-json\/wp\/v2\/types\/page"}],"author":[{"embeddable":true,"href":"https:\/\/singletary.bravenlyglobal.com\/es\/wp-json\/wp\/v2\/users\/191432657"}],"replies":[{"embeddable":true,"href":"https:\/\/singletary.bravenlyglobal.com\/es\/wp-json\/wp\/v2\/comments?post=20290"}],"version-history":[{"count":5,"href":"https:\/\/singletary.bravenlyglobal.com\/es\/wp-json\/wp\/v2\/pages\/20290\/revisions"}],"predecessor-version":[{"id":20773,"href":"https:\/\/singletary.bravenlyglobal.com\/es\/wp-json\/wp\/v2\/pages\/20290\/revisions\/20773"}],"wp:attachment":[{"href":"https:\/\/singletary.bravenlyglobal.com\/es\/wp-json\/wp\/v2\/media?parent=20290"}],"curies":[{"name":"wp","href":"https:\/\/api.w.org\/{rel}","templated":true}]}}